{"id":102,"date":"2014-10-07T12:16:39","date_gmt":"2014-10-07T11:16:39","guid":{"rendered":"http:\/\/stopinjemesta.infopeka.org\/en\/?page_id=102"},"modified":"2017-03-29T22:35:37","modified_gmt":"2017-03-29T20:35:37","slug":"finding-neverland","status":"publish","type":"page","link":"http:\/\/stopinjemesta.infopeka.org\/en\/youth-city-guide\/finding-neverland\/","title":{"rendered":"Finding Neverland"},"content":{"rendered":"<h6><em><a href=\"http:\/\/stopinjemesta.infopeka.org\/vodnik\/v-iskanju-dezele-nije\/\">V iskanju de\u017eele Nije<\/a><\/em><\/h6>\n<p>&nbsp;<br \/>\nWatching, listening, tasting \u2013 it is not enough. You have to experience the town with all the sens-es at once.<\/p>\n<h6>Eventful Playground<\/h6>\n<p><em><a href=\"http:\/\/goo.gl\/maps\/bIA8R\" target=\"_blank\">Mali Betnavski gozd<\/a><br \/>\nWorking hours: Tuesday, Thursday, Friday: 13.00\u201319.00, one Saturday a month: 11.00\u201319.00<\/em><br \/>\nGame and spontaneous creativity lead every child, in years or in heart, to themselves and open them up to the world. The non-profit programme of the Youth Aid Centre Association has a place in the south part of the small Betnava Forest. It promotes social, educational, environmental and other skills with which we associate, draw closer together and transform the perception of the world around us.<\/p>\n<h6>Puppet Theater<\/h6>\n<p><em><a href=\"http:\/\/goo.gl\/maps\/8B0Xf\" target=\"_blank\">Voja\u0161ni\u0161ki trg 2a<\/a><br \/>\nLink: <a href=\"http:\/\/www.lg-mb.si\/en\/\">Puppet Theater<\/a><\/em><br \/>\nPod imenom igrivih \u010drk vstopi za staro-nove zidove Minoritskega samostana, kjer o\u017eivijo lutke vseh vrst in spregovorijo zgodbe najmanj\u0161im, malo manj maj\u0161im in tudi \u010disto velikim. Vsakogar nagovarjajo s svojimi zgodbami, na svoj na\u010din. Poleg bogate lastne produkcije tu gostujejo tudi druga lutkovna gledali\u0161\u010da in Bienale lutkovnih ustvarjalcev Slovenije.<\/p>\n<h6>Festival of Volunteering <\/h6>\n<p><em><a href=\"http:\/\/goo.gl\/maps\/azbqV\">Grajski trg<\/a>, konec maja<\/em><br \/>\nThe Volunteering Festival is held each spring and is time of celebration and networking as well as opportunity to encourage people to volunteer. It is also a time when individuals are exposed for their selfless shared time and good will that spread positive changes into lives of others and the wider local community.<\/p>\n<h6>The Lent Festival<\/h6>\n<p><em>Lent and other spots in the city, June-July<br \/>\nLink: <a href=\"http:\/\/www.festival-lent.si\/en\/\">Festival Lent<\/a><\/em><br \/>\nThe biggest Slovene festival and one of the largest in Europe. At the beginning of every summer for more than 20 years, it has attracted over half a million concert listeners, performance specta-tors, stand-up comedy visitors and workshop participants to numerous venues around the town and along the Drava River. This and much more is happening \u2013 everything that you can imagine in terms of culture, art and entertainment. <\/p>\n<h6>Art Camp<\/h6>\n<p><em>Link: <a href=\"https:\/\/www.facebook.com\/pages\/Art-kamp\/115008405196674\">Facebook<\/a><\/em><br \/>\nImmediately after school ends for two weeks, tents, deckchairs, tables, chairs, ropes and two large stages occupy the space under the trees in the Town Park and offer workshops, performanc-es, games, concerts, goodies and a place to enjoy to all that share curiosity, playfulness, creativity and a little bit of summer leisureliness. <\/p>\n<p>Back to <a href=\"http:\/\/stopinjemesta.infopeka.org\/en\/youth-city-guide\/\" title=\"Youth City Guide\">Youth City Guide<\/a>.<\/p>\n","protected":false},"excerpt":{"rendered":"<p>V iskanju de\u017eele Nije &nbsp; Watching, listening, tasting \u2013 it is not enough. You have to experience the town with all the sens-es at once. Eventful Playground Mali Betnavski gozd Working hours: Tuesday, Thursday, Friday: 13.00\u201319.00, one Saturday a month: 11.00\u201319.00 Game and spontaneous creativity lead every child, in years or in heart, to themselves [&hellip;]<\/p>\n","protected":false},"author":1,"featured_media":462,"parent":7,"menu_order":8,"comment_status":"closed","ping_status":"closed","template":"page-full-width.php","meta":{"ngg_post_thumbnail":0,"footnotes":""},"class_list":["post-102","page","type-page","status-publish","has-post-thumbnail","hentry"],"_links":{"self":[{"href":"http:\/\/stopinjemesta.infopeka.org\/en\/wp-json\/wp\/v2\/pages\/102","targetHints":{"allow":["GET"]}}],"collection":[{"href":"http:\/\/stopinjemesta.infopeka.org\/en\/wp-json\/wp\/v2\/pages"}],"about":[{"href":"http:\/\/stopinjemesta.infopeka.org\/en\/wp-json\/wp\/v2\/types\/page"}],"author":[{"embeddable":true,"href":"http:\/\/stopinjemesta.infopeka.org\/en\/wp-json\/wp\/v2\/users\/1"}],"replies":[{"embeddable":true,"href":"http:\/\/stopinjemesta.infopeka.org\/en\/wp-json\/wp\/v2\/comments?post=102"}],"version-history":[{"count":13,"href":"http:\/\/stopinjemesta.infopeka.org\/en\/wp-json\/wp\/v2\/pages\/102\/revisions"}],"predecessor-version":[{"id":463,"href":"http:\/\/stopinjemesta.infopeka.org\/en\/wp-json\/wp\/v2\/pages\/102\/revisions\/463"}],"up":[{"embeddable":true,"href":"http:\/\/stopinjemesta.infopeka.org\/en\/wp-json\/wp\/v2\/pages\/7"}],"wp:featuredmedia":[{"embeddable":true,"href":"http:\/\/stopinjemesta.infopeka.org\/en\/wp-json\/wp\/v2\/media\/462"}],"wp:attachment":[{"href":"http:\/\/stopinjemesta.infopeka.org\/en\/wp-json\/wp\/v2\/media?parent=102"}],"curies":[{"name":"wp","href":"https:\/\/api.w.org\/{rel}","templated":true}]}}