{"id":104,"date":"2014-10-07T12:17:16","date_gmt":"2014-10-07T11:17:16","guid":{"rendered":"http:\/\/stopinjemesta.infopeka.org\/en\/?page_id=104"},"modified":"2017-03-29T22:38:45","modified_gmt":"2017-03-29T20:38:45","slug":"dancing-about-architecture","status":"publish","type":"page","link":"http:\/\/stopinjemesta.infopeka.org\/en\/youth-city-guide\/dancing-about-architecture\/","title":{"rendered":"Dancing about architecture"},"content":{"rendered":"<h6><em><a href=\"http:\/\/stopinjemesta.infopeka.org\/vodnik\/plesati-o-arhitekturi\/\">Plesati o arhitekturi<\/a><\/em><\/h6>\n<p>&nbsp;<\/p>\n<h6>The Oldest House in Maribor <\/h6>\n<p><em><a href=\"http:\/\/goo.gl\/maps\/ReXSS\" target=\"_blank\">Koro\u0161ka cesta 24<\/a><\/em><br \/>\nDo you ever ask yourself the chicken and the egg question? The issue has already sparked many debates, but there is no doubt that the house on the Koro\u0161ka Street stood there long before the Europark mall was build. In fact, it was here long before the cornerstone of any other house in the town. <\/p>\n<h6>Minorite Church and Monastery<\/h6>\n<p><em><a href=\"http:\/\/goo.gl\/maps\/5Qavi\" target=\"_blank\">Voja\u0161ni\u0161ki trg 2<\/a><\/em><br \/>\nIn today&#8217;s Puppet Theatre on the Barracks Square (Voja\u0161ni\u0161ki trg), the Franciscan monks lived here since 10th or 11th  centuryuntil the soldiers occupied these premises. After them the homeless lived here until through time it was damaged so bad that it required renovation. Year by year the church is being renovated as well. During the Lent Festival the space in front of it is occupied by the visitors of the Ve\u010der and Jazz stages. <\/p>\n<h6>Plague Monument<\/h6>\n<p><em><a href=\"http:\/\/goo.gl\/maps\/yVBBd\" target=\"_blank\">Glavni trg<\/a><\/em><br \/>\nYou will hardly find a city or a town in Europe, where at the end of the plague a monument was-n&#8217;t erected. In Maribor the period of black death ended in 1681 and that&#8217;s when the Assumtion of Mary between the Moon and the stars happened, which was accompanied with six saints in the 18th century by the sculptor Straub. Enviable age of the sculpture claimed its debt and so the sculpture isenjoying its old age in the Maribor Regional Museum, with a replica adoring the Main Square (Glavni trg).<\/p>\n<h6>Synagogue and the Jewish Square (\u017didovski trg)<\/h6>\n<p><em><a href=\"http:\/\/goo.gl\/maps\/67bCe\" target=\"_blank\">\u017didovska ulica 4<\/a><\/em><br \/>\nAlthough many travellers and inhabitants of Maribor overlook it, the synagogue in the Jewish Square is one of the oldest in Europe. In the Middle Ages, it was an important spiritual and cul-tural centre for the Jews who developed trade and bargain due to their international connections. Throughout the centuries its ownership changed; today, however, it houses the Jewish Heritage Centre. These days a photography club operates in the Jewish Tower.<br \/>\nThe Jewish Square is a quiet corner with one of the most beautiful views of the Drava River and the Glavni oder stage of the Lent Festival. A turn for 360\u00b0 will give you a multicultural experi-ence \u2013 the old Jewish building, the Chinese tree, authentic Maribor atmosphere and temporary art \u2013 a sculpture Five Organic Perils that is slowly being dissolved by rust, which only presents one fraction of the name&#8230; <\/p>\n<h6>City Walls and Defence Towers<\/h6>\n<p><em><a href=\"http:\/\/goo.gl\/maps\/gMo8O\" target=\"_blank\">Vodni stolp<\/a>, <a href=\"http:\/\/goo.gl\/maps\/dfZVb\" target=\"_blank\">Sodni stolp<\/a>, <a href=\"http:\/\/goo.gl\/maps\/Qxpw6\" target=\"_blank\">\u010celigijev stolp<\/a>, <a href=\"http:\/\/goo.gl\/maps\/xGo8L\" target=\"_blank\">\u017didovski stolp<\/a><\/em><br \/>\nIn the Middle Ages, no city or town was without defense walls. Maribor would not have survived from 13th to 18th century if it wasn&#8217;t guarded by thick walls and defense towers. Although the expansion of the town had eaten away most of its historical defenses, a nice piece of them can still be found in Lent. The most enduring of the towers proved to be the Water Tower, the Judgment Tower, the Jewish Tower and the Tscheligi Tower. <\/p>\n<h6>Lent<\/h6>\n<p><em><a href=\"http:\/\/goo.gl\/maps\/rXYWg\" target=\"_blank\">Pristan<\/a><\/em><br \/>\nLike many Slovene derivatives Lent also comes from the old German term \u201clander\u201d, which means \u201ca place to land\u201d. The river bank used to be an important port. Because of it&#8217;s favourable location, a storage area grew there, and the artisans followed by setting up shop nearby. Their professions gave names to the streets running transverse between the bank and the town. With the development of industry, this part of the town slowly decayed and received an almost fatal blow with the construction of bridges. However, today Lent caught life again and became a popular place to hang out, chit-chat, walk and feed the moody swans. If you find yourself in this part of the town in the evening hours, enjoy a glass or two of your favorite drink to help you continue a night stroll around Maribor. <\/p>\n<h6>Liberation Monument at Liberty Square (Trg svobode)<\/h6>\n<p><em><a href=\"http:\/\/goo.gl\/maps\/oA1aH\" target=\"_blank\">Trg svobode<\/a><\/em><br \/>\nThe bronze monument is dedicated to the national liberation struggle and is shaped like a water drop or according to some other interpretations as a clenched fist. In the monument there are graphical copies of public proclamations about the shootings of hostages and rebels, who during World War II were condemned to death (667 killed), as well as a farewell letter by Jo\u017ee Fluks, a man who was condemned to death. Recently a white fist was added as a reminder of the protests that took place in the winter and spring of 2012 and 2013. Locals also call the monument \u201cKod\u017eak\u201d.<\/p>\n<h6>The bridges<\/h6>\n<p><em><a href=\"http:\/\/goo.gl\/maps\/fHS8g\" target=\"_blank\">Koro\u0161ki most<\/a>, <a href=\"http:\/\/goo.gl\/maps\/qGA4d\" target=\"_blank\">Studen\u0161ka brv<\/a>, <a href=\"http:\/\/goo.gl\/maps\/2EaAA\" target=\"_blank\">Stari most<\/a>, <a href=\"http:\/\/goo.gl\/maps\/7ZyMl\" target=\"_blank\">Titov most<\/a>, <a href=\"http:\/\/goo.gl\/maps\/naRlO\" target=\"_blank\">\u017delezni\u0161ki most<\/a>, <a href=\"http:\/\/goo.gl\/maps\/ukf7q\" target=\"_blank\">Dvoeta\u017eni most<\/a><\/em><br \/>\nThe left and the right bank of the Drava River are connected by six bridges. If you follow the flow, you will first find yourself under the widest bridge, the Carinthian Bridge. The next one is the Students&#8217; footbridge, a popular place for couples to lock their love with locks engraved with their initials. It is also the no.1 photo shoot location for the local posers. If you call the main or the Old Bridge a red bridge, all the locals will know what you are talking about. It does not only have the most recognizable color but also the longest history of construction, demolition and re-construction. Next is the concrete Tito Bridge, a two-lane road with a pavement and serving as an \u201cextension\u201d to the Europark mall. The Rail Bridge presents a real challenge in free-style climbing for the graffiti artists. It is followed by the Double-Storey Bridge where pedestrians and cyclists are allowed only on the lower floor, since the upper is part of a motorway.  <\/p>\n<h6>The squares<\/h6>\n<p><em><a href=\"http:\/\/goo.gl\/maps\/NFBkl\" target=\"_blank\">Rotov\u0161ki trg<\/a>, <a href=\"http:\/\/goo.gl\/maps\/bFeut\" target=\"_blank\">Glavni trg<\/a>, <a href=\"http:\/\/goo.gl\/maps\/SKABL\" target=\"_blank\">Slom\u0161kov trg<\/a>, <a href=\"http:\/\/goo.gl\/maps\/crXwn\" target=\"_blank\">Grajski trg<\/a>, <a href=\"http:\/\/goo.gl\/maps\/gILo8\" target=\"_blank\">Trg svobode<\/a>, <a href=\"http:\/\/goo.gl\/maps\/wIpZp\" target=\"_blank\">Trg Leona \u0160tuklja<\/a>, <a href=\"http:\/\/goo.gl\/maps\/9FGN2\" target=\"_blank\">Trg generala Maistra<\/a><\/em><br \/>\nFor centuries a lively meeting place, where you can exchange things, ideas, information, chat and where the centers are filled with monuments, fountains, statues and sculptures. For the locals eve-ry one of them has a specific role \u2013 from the Rotov\u017e Square (Rotov\u0161ki trg) to the Main Square (Glavni trg) wedding guests gather. The Slom\u0161ek Square (Slom\u0161kov trg) is surrounded by temples of knowledge, culture and religion, but also revels. In the Castle Square (Grajski trg) you can sit down to a full table. On Wednesdays, the Liberty Square (Trg svobode) hosts a fresh vegetable market, on other days products of domestic and foreign trade and in winter mulled wine and snacks await right next to the ice-skate ring. The Leon \u0160tukelj Square (Trg Leona \u0160tuklja), the living room of Maribor that fashions a huge TV screen, is still gaining adherents of benches in the shade of various trees, which were planted on tiny flecks of land among the paving. On the General Maister Square (Trg generalaMaistra) you can meet the high school students sitting out-side during the school breaks. <\/p>\n<p>Back to <a href=\"http:\/\/stopinjemesta.infopeka.org\/en\/youth-city-guide\/\" title=\"Youth City Guide\">Youth City Guide<\/a>.<\/p>\n","protected":false},"excerpt":{"rendered":"<p>Plesati o arhitekturi &nbsp; The Oldest House in Maribor Koro\u0161ka cesta 24 Do you ever ask yourself the chicken and the egg question? The issue has already sparked many debates, but there is no doubt that the house on the Koro\u0161ka Street stood there long before the Europark mall was build. In fact, it was [&hellip;]<\/p>\n","protected":false},"author":1,"featured_media":464,"parent":7,"menu_order":9,"comment_status":"closed","ping_status":"closed","template":"page-full-width.php","meta":{"ngg_post_thumbnail":0,"footnotes":""},"class_list":["post-104","page","type-page","status-publish","has-post-thumbnail","hentry"],"_links":{"self":[{"href":"http:\/\/stopinjemesta.infopeka.org\/en\/wp-json\/wp\/v2\/pages\/104","targetHints":{"allow":["GET"]}}],"collection":[{"href":"http:\/\/stopinjemesta.infopeka.org\/en\/wp-json\/wp\/v2\/pages"}],"about":[{"href":"http:\/\/stopinjemesta.infopeka.org\/en\/wp-json\/wp\/v2\/types\/page"}],"author":[{"embeddable":true,"href":"http:\/\/stopinjemesta.infopeka.org\/en\/wp-json\/wp\/v2\/users\/1"}],"replies":[{"embeddable":true,"href":"http:\/\/stopinjemesta.infopeka.org\/en\/wp-json\/wp\/v2\/comments?post=104"}],"version-history":[{"count":7,"href":"http:\/\/stopinjemesta.infopeka.org\/en\/wp-json\/wp\/v2\/pages\/104\/revisions"}],"predecessor-version":[{"id":465,"href":"http:\/\/stopinjemesta.infopeka.org\/en\/wp-json\/wp\/v2\/pages\/104\/revisions\/465"}],"up":[{"embeddable":true,"href":"http:\/\/stopinjemesta.infopeka.org\/en\/wp-json\/wp\/v2\/pages\/7"}],"wp:featuredmedia":[{"embeddable":true,"href":"http:\/\/stopinjemesta.infopeka.org\/en\/wp-json\/wp\/v2\/media\/464"}],"wp:attachment":[{"href":"http:\/\/stopinjemesta.infopeka.org\/en\/wp-json\/wp\/v2\/media?parent=104"}],"curies":[{"name":"wp","href":"https:\/\/api.w.org\/{rel}","templated":true}]}}