{"id":94,"date":"2014-10-07T11:53:33","date_gmt":"2014-10-07T10:53:33","guid":{"rendered":"http:\/\/stopinjemesta.infopeka.org\/en\/?page_id=94"},"modified":"2017-03-29T22:24:04","modified_gmt":"2017-03-29T20:24:04","slug":"explosion","status":"publish","type":"page","link":"http:\/\/stopinjemesta.infopeka.org\/en\/youth-city-guide\/explosion\/","title":{"rendered":"Explosion of emotions on the plate and in the glass"},"content":{"rendered":"<h6><em><a href=\"http:\/\/stopinjemesta.infopeka.org\/vodnik\/malo-mesano-na-zaru-in-v-glazu\/\">Malo me\u0161ano na \u017earu in v gla\u017eu<\/a><\/em><\/h6>\n<p>&nbsp;<br \/>\nFood and beverage are always the sweetest part of travelling, and we assure you that in Maribor you will find both in abundance. We suggest you taste a bit of everything. <\/p>\n<h6>Isabella &#8211; food &#038; wine<\/h6>\n<p><em><a href=\"http:\/\/goo.gl\/maps\/zRKvR\" target=\"_blank\">Po\u0161tna ulica 3<\/a><br \/>\nOpening hours: Monday\u2013Saturday: 8.00\u201322.00<\/em><br \/>\nCharming atmosphere, where you will fall in love with the flavors, smells, walnuts in the salad, granny&#8217;s soup, roasted pumpkin seeds and all the goodies from the Prekmurje region revealing its warmth, creativity and homeliness. Always a new range of wines and a beer called \u201cHuman Fish\u201d. A must try \u2013 everything, again and again. Even vegan sandwiches are available, a welcome rarity in Maribor. <\/p>\n<h6>The Living room<\/h6>\n<p><em><a href=\"http:\/\/goo.gl\/maps\/OJVJ4\" target=\"_blank\">Glavni trg 9<\/a><br \/>\nOpening hours: Monday \u2013 Thursday: 8.00-0.00, Friday: 8.00-2.00, Saturday: 9.00-2.00<\/em><br \/>\nYou will find it on the corner of Postna, in wood and pillows. The owner has managed to capture the true nature of England in \u201chis\u201d Living room where among many beverages typical English breakfast is served. If you are looking for a chair in the sun with the best beer from Prague, or you just wish to chit-chat on a comfortable sofa, then do not hesitate and enter your Living room.<\/p>\n<h6>Satchmo Jazz Club<\/h6>\n<p><em><a href=\"http:\/\/goo.gl\/maps\/0xbis\" target=\"_blank\">Strossmayerjeva 6<\/a><br \/>\nOpening hours: Monday\u2013Thursday: 19.00\u20132.00, Friday: 19.00\u20134.00, Saturday: 20.00\u20134.00 <\/em><br \/>\nThe first and still the only jazz club in Maribor is no longer a sanctuary reserved only for the lov-ers of jazz. Swing nights, student parties, Erasmus students&#8217; meetings and different DJs will satis-fy everyone&#8217;s music taste in the basement with the longest opening hours or, during the sunnier half of the year, in the courtyard in front of the Maribor Art Gallery. Numerous music legends that performed here in over a decade of the club&#8217;s operation have put Maribor on the map of jazz cities, rich selection of beer and whiskey from all around the globe on the party map for many locals and other fans of exquisite drinks and music combination. <\/p>\n<h6>Toto cafe<\/h6>\n<p><em><a href=\"http:\/\/goo.gl\/maps\/xDcQj\" target=\"_blank\">Slom\u0161kov trg 13<\/a><br \/>\nOpening hours: Monday\u2013Thursday: 7.30\u201324.00, Friday: 7.30\u20131.00, Saturday: 9.00\u20131.00, Sunday: 16.00\u201322.00 <\/em><br \/>\nA pleasant nook in the very heart of the town, on the Slom\u0161ek Square (Slom\u0161kov trg), which most people pass during the day. If you are a buff for morning coffee or small beer to calm the nerves, this is definitely the place to go to. The writings on the fa\u00e7ade promise a nice summer garden in the inner-courtyard that will convincingly mask the fact that you are in Maribor&#8217;s centre. To get to the garden you must pass the arch next to the bar. In the summer, you can seek pleasure under the sunshade with a drink in your hand, and in the winter the inviting interior calls. Even the toilets will make you think that you are at home or at a friend&#8217;s house and not in a town bar.<\/p>\n<h6>Fuego Latino Club<\/h6>\n<p><em><a href=\"http:\/\/goo.gl\/maps\/eh995\" target=\"_blank\">Mesarski prehod 3<\/a><br \/>\nOpening hours: Tuesday\u2013Wednesday: 20.00\u20134.00, Friday\u2013Saturday: 20.00\u20135.00<\/em><br \/>\nWhen you fell like dancing, you can shake it to Latin rhythms at Fuego. There&#8217;s a good chance that you will find yourself in the company of a Spanish gentleman or lady, since this is a popular meeting place for exchange students. You can choose form various cocktails that will keep you dancing &#8217;till the break of dawn. Fuego is one of a few places where you can party all night even during the week. <\/p>\n<h6>What else does Maribor offer<\/h6>\n<p>On a gloomy and cold day, warm yourself up at&#8230; <strong>\u010cajek (small TEA) <\/strong>.<br \/>\nAromatic coffee will wake you up at&#8230; <strong>Kava, Marpurg, Velika kavarna, Ma\u010dka<\/strong>.<br \/>\nQuick meals, snacks, smoothies at&#8230; <strong>Leon, Vintage Cafe, Isabella, Kavarna Q City<\/strong>.<br \/>\nDelicious pizzas at&#8230; <strong>Ancora, Astoria, Verdi, Padrino, Pomodoro, Vivaldi, La cantina, Hitri Gonzales, Jul\u010di<\/strong>.<br \/>\nTraditional and simple Slovene food at&#8230; <strong>\u0160tajerc, Pivnica Alf, Klub Punkt, Bistro Arty<\/strong>.<br \/>\nNightlife with a pint, glass of wine, cocktail at&#8230; <strong>Cantante, Tildos, Patrick\u2019s Pub, CLC, The Living Room, Satchmo, Peppers, Piranha<\/strong>.<br \/>\nHaving a sweet tooth?&#8230; <strong>Ilich, Pohorska kavarna, Dra\u0161 center, Lastovka, Pikapolonica, Yogo Land<\/strong>.<br \/>\nVegetarians, vegans and healthy-eaters&#8230; <strong>Loving Hut, Simfonija okusov, Gostilnica na vogalu<\/strong>.<br \/>\nMexican&#8230; <strong>Tako`s, Rico torres<\/strong>.<br \/>\nGrilled goodies&#8230; <strong>Ba\u0161\u010dar\u0161ija, Orient, Gala \u017ear, Stari gril, Ranca<\/strong>.<br \/>\nChinese&#8230; <strong>Zvezda, Sonce, Cesarska hi\u0161a, Kitajska pala\u010da<\/strong>.<br \/>\nParty &#8217;till the break of dawn&#8230; <strong>Slom\u0161kov trg, Po\u0161tna ulica, Satchmo, Pekarna (Klub MC, Supernova, Gustaf, Kurd), Kaos (student parties), Fuego (latino)<\/strong>.<br \/>\nHungover&#8230; late snack at fast food kiosks or something from the many bakeries around the town; let your nose guide you to the open one.<\/p>\n<p>Back to <a href=\"http:\/\/stopinjemesta.infopeka.org\/en\/youth-city-guide\/\" title=\"Youth City Guide\">Youth City Guide<\/a>.<\/p>\n","protected":false},"excerpt":{"rendered":"<p>Malo me\u0161ano na \u017earu in v gla\u017eu &nbsp; Food and beverage are always the sweetest part of travelling, and we assure you that in Maribor you will find both in abundance. We suggest you taste a bit of everything. Isabella &#8211; food &#038; wine Po\u0161tna ulica 3 Opening hours: Monday\u2013Saturday: 8.00\u201322.00 Charming atmosphere, where you [&hellip;]<\/p>\n","protected":false},"author":1,"featured_media":453,"parent":7,"menu_order":4,"comment_status":"closed","ping_status":"closed","template":"page-full-width.php","meta":{"ngg_post_thumbnail":0,"footnotes":""},"class_list":["post-94","page","type-page","status-publish","has-post-thumbnail","hentry"],"_links":{"self":[{"href":"http:\/\/stopinjemesta.infopeka.org\/en\/wp-json\/wp\/v2\/pages\/94","targetHints":{"allow":["GET"]}}],"collection":[{"href":"http:\/\/stopinjemesta.infopeka.org\/en\/wp-json\/wp\/v2\/pages"}],"about":[{"href":"http:\/\/stopinjemesta.infopeka.org\/en\/wp-json\/wp\/v2\/types\/page"}],"author":[{"embeddable":true,"href":"http:\/\/stopinjemesta.infopeka.org\/en\/wp-json\/wp\/v2\/users\/1"}],"replies":[{"embeddable":true,"href":"http:\/\/stopinjemesta.infopeka.org\/en\/wp-json\/wp\/v2\/comments?post=94"}],"version-history":[{"count":8,"href":"http:\/\/stopinjemesta.infopeka.org\/en\/wp-json\/wp\/v2\/pages\/94\/revisions"}],"predecessor-version":[{"id":454,"href":"http:\/\/stopinjemesta.infopeka.org\/en\/wp-json\/wp\/v2\/pages\/94\/revisions\/454"}],"up":[{"embeddable":true,"href":"http:\/\/stopinjemesta.infopeka.org\/en\/wp-json\/wp\/v2\/pages\/7"}],"wp:featuredmedia":[{"embeddable":true,"href":"http:\/\/stopinjemesta.infopeka.org\/en\/wp-json\/wp\/v2\/media\/453"}],"wp:attachment":[{"href":"http:\/\/stopinjemesta.infopeka.org\/en\/wp-json\/wp\/v2\/media?parent=94"}],"curies":[{"name":"wp","href":"https:\/\/api.w.org\/{rel}","templated":true}]}}